{"id":4316,"date":"2024-01-02T13:36:06","date_gmt":"2024-01-02T12:36:06","guid":{"rendered":"https:\/\/sunwell-apartments.com\/?page_id=4316"},"modified":"2024-01-05T14:30:40","modified_gmt":"2024-01-05T13:30:40","slug":"sunwell-apartments-location-gajac-novalja-zrce","status":"publish","type":"page","link":"https:\/\/sunwell-apartments.com\/en\/sunwell-apartments-location-gajac-novalja-zrce\/","title":{"rendered":"Location of Sunwell apartments"},"content":{"rendered":"<h1><img decoding=\"async\" class=\"lazyload alignnone  wp-image-2557\" src=\"https:\/\/sunwell-apartments.com\/wp-content\/uploads\/2021\/12\/20210510_181242-1.jpg\" data-orig-src=\"https:\/\/sunwell-apartments.com\/wp-content\/uploads\/2021\/12\/20210510_181242-1.jpg\" alt=\"\" width=\"1125\" height=\"749\" srcset=\"data:image\/svg+xml,%3Csvg%20xmlns%3D%27http%3A%2F%2Fwww.w3.org%2F2000%2Fsvg%27%20width%3D%271125%27%20height%3D%27749%27%20viewBox%3D%270%200%201125%20749%27%3E%3Crect%20width%3D%271125%27%20height%3D%27749%27%20fill-opacity%3D%220%22%2F%3E%3C%2Fsvg%3E\" data-srcset=\"https:\/\/sunwell-apartments.com\/wp-content\/uploads\/2021\/12\/20210510_181242-1-200x133.jpg 200w, https:\/\/sunwell-apartments.com\/wp-content\/uploads\/2021\/12\/20210510_181242-1-300x200.jpg 300w, https:\/\/sunwell-apartments.com\/wp-content\/uploads\/2021\/12\/20210510_181242-1-400x266.jpg 400w, https:\/\/sunwell-apartments.com\/wp-content\/uploads\/2021\/12\/20210510_181242-1-500x333.jpg 500w, https:\/\/sunwell-apartments.com\/wp-content\/uploads\/2021\/12\/20210510_181242-1-600x400.jpg 600w, https:\/\/sunwell-apartments.com\/wp-content\/uploads\/2021\/12\/20210510_181242-1-700x466.jpg 700w, https:\/\/sunwell-apartments.com\/wp-content\/uploads\/2021\/12\/20210510_181242-1-768x512.jpg 768w, https:\/\/sunwell-apartments.com\/wp-content\/uploads\/2021\/12\/20210510_181242-1-800x533.jpg 800w, https:\/\/sunwell-apartments.com\/wp-content\/uploads\/2021\/12\/20210510_181242-1.jpg 1024w\" data-sizes=\"auto\" data-orig-sizes=\"(max-width: 1125px) 100vw, 1125px\" \/><\/h1>\n<h1>Where are Sunwell apartments located and what their surroundings can offer?<\/h1>\n<h2>Beach bars, restaurants, children&#8217;s and sports playgrounds, well-kept beaches, and a clean sea are only part of what Gajac\/Kolanjski Gajac has to offer.<\/h2>\n<p>Sunwell apartments are located in the tourist complex Gajac, or to be more exact Kolanjski Gajac.<\/p>\n<p>Just to be clear, Gajac is administratively divided into two parts. The older part of the place is named Gajac, while the newer part is Kolanjski Gajac.<\/p>\n<p>Our apartments are located only 100 m from the local beach in a quiet neighborhood with houses, apartments, and villas.<\/p>\n<p><strong>The beach is pebbly, with a beautiful crystal-clear sea with the sand bottom.<\/strong> Shallow and warm sea at summer, pebbles and sand make the beach perfect for children.<\/p>\n<p>Also, just by the beach, there is a new children\u2019s playground.<\/p>\n<h3><img decoding=\"async\" class=\"lazyload wp-image-2566 alignleft\" src=\"https:\/\/sunwell-apartments.com\/wp-content\/uploads\/2021\/12\/IMG_20210609_132102_806-1.jpg\" data-orig-src=\"https:\/\/sunwell-apartments.com\/wp-content\/uploads\/2021\/12\/IMG_20210609_132102_806-1.jpg\" alt=\"\" width=\"549\" height=\"366\" srcset=\"data:image\/svg+xml,%3Csvg%20xmlns%3D%27http%3A%2F%2Fwww.w3.org%2F2000%2Fsvg%27%20width%3D%27549%27%20height%3D%27366%27%20viewBox%3D%270%200%20549%20366%27%3E%3Crect%20width%3D%27549%27%20height%3D%27366%27%20fill-opacity%3D%220%22%2F%3E%3C%2Fsvg%3E\" data-srcset=\"https:\/\/sunwell-apartments.com\/wp-content\/uploads\/2021\/12\/IMG_20210609_132102_806-1-200x133.jpg 200w, https:\/\/sunwell-apartments.com\/wp-content\/uploads\/2021\/12\/IMG_20210609_132102_806-1-300x200.jpg 300w, https:\/\/sunwell-apartments.com\/wp-content\/uploads\/2021\/12\/IMG_20210609_132102_806-1-400x266.jpg 400w, https:\/\/sunwell-apartments.com\/wp-content\/uploads\/2021\/12\/IMG_20210609_132102_806-1-500x333.jpg 500w, https:\/\/sunwell-apartments.com\/wp-content\/uploads\/2021\/12\/IMG_20210609_132102_806-1-600x400.jpg 600w, https:\/\/sunwell-apartments.com\/wp-content\/uploads\/2021\/12\/IMG_20210609_132102_806-1-700x466.jpg 700w, https:\/\/sunwell-apartments.com\/wp-content\/uploads\/2021\/12\/IMG_20210609_132102_806-1-768x512.jpg 768w, https:\/\/sunwell-apartments.com\/wp-content\/uploads\/2021\/12\/IMG_20210609_132102_806-1-800x533.jpg 800w, https:\/\/sunwell-apartments.com\/wp-content\/uploads\/2021\/12\/IMG_20210609_132102_806-1.jpg 1024w\" data-sizes=\"auto\" data-orig-sizes=\"(max-width: 549px) 100vw, 549px\" \/><\/h3>\n<h3><strong>Promenade by the beach<\/strong><\/h3>\n<p>Along the beach, there is a 1.5-kilometer-long promenade that connects the whole Gajac and Kolanjski Gajac.<strong> Throughout the promenade, beach bars and restaurants are open during the summer season, where you can relax during the day and in the evening.<\/strong> Also, along the promenade during the summer months, there is an Aqua park, trampolines, and other activities and attractions for children.<\/p>\n<p>Along the promenade, there are also beach volleyball courts, a basketball court, an outdoor gym, bocce courts, ping-pong tables, and another children&#8217;s playground.<\/p>\n<p>&nbsp;<\/p>\n<p>&nbsp;<\/p>\n<p>&nbsp;<\/p>\n<p><img decoding=\"async\" class=\"lazyload wp-image-2567 alignleft\" src=\"https:\/\/sunwell-apartments.com\/wp-content\/uploads\/2021\/12\/IMG_20210609_132102_878-1.jpg\" data-orig-src=\"https:\/\/sunwell-apartments.com\/wp-content\/uploads\/2021\/12\/IMG_20210609_132102_878-1.jpg\" alt=\"\" width=\"555\" height=\"370\" srcset=\"data:image\/svg+xml,%3Csvg%20xmlns%3D%27http%3A%2F%2Fwww.w3.org%2F2000%2Fsvg%27%20width%3D%27555%27%20height%3D%27370%27%20viewBox%3D%270%200%20555%20370%27%3E%3Crect%20width%3D%27555%27%20height%3D%27370%27%20fill-opacity%3D%220%22%2F%3E%3C%2Fsvg%3E\" data-srcset=\"https:\/\/sunwell-apartments.com\/wp-content\/uploads\/2021\/12\/IMG_20210609_132102_878-1-200x133.jpg 200w, https:\/\/sunwell-apartments.com\/wp-content\/uploads\/2021\/12\/IMG_20210609_132102_878-1-300x200.jpg 300w, https:\/\/sunwell-apartments.com\/wp-content\/uploads\/2021\/12\/IMG_20210609_132102_878-1-400x266.jpg 400w, https:\/\/sunwell-apartments.com\/wp-content\/uploads\/2021\/12\/IMG_20210609_132102_878-1-500x333.jpg 500w, https:\/\/sunwell-apartments.com\/wp-content\/uploads\/2021\/12\/IMG_20210609_132102_878-1-600x400.jpg 600w, https:\/\/sunwell-apartments.com\/wp-content\/uploads\/2021\/12\/IMG_20210609_132102_878-1-700x466.jpg 700w, https:\/\/sunwell-apartments.com\/wp-content\/uploads\/2021\/12\/IMG_20210609_132102_878-1-768x512.jpg 768w, https:\/\/sunwell-apartments.com\/wp-content\/uploads\/2021\/12\/IMG_20210609_132102_878-1-800x533.jpg 800w, https:\/\/sunwell-apartments.com\/wp-content\/uploads\/2021\/12\/IMG_20210609_132102_878-1.jpg 1024w\" data-sizes=\"auto\" data-orig-sizes=\"(max-width: 555px) 100vw, 555px\" \/><\/p>\n<h3><strong>What does the promenade offer?<\/strong><\/h3>\n<p>The promenade is ideal for day and evening walks and sports activities. At the same time, it connects the whole area, with the center of Gajac where you can find shops, a small local market, a bakery, restaurants, and ATMs.<\/p>\n<p><strong>The nearest restaurant Papillon is located only 70 meters from our apartments and is open from June to October.<\/strong><\/p>\n<p>The nearest restaurant Studenac\/Lito is located about 350 meters from our apartments. In the summer months, there is a stand with local fruits and vegetables in front of the store.<\/p>\n<h3><\/h3>\n<h3><\/h3>\n<h3 style=\"text-align: left;\"><strong>Where do the roads lead from Gajac?<\/strong><\/h3>\n<p><strong>The promenade is connected to a 5.5-kilometer-long promenade which leads to the village Kolan and the smaller town Mandre.<\/strong> The new promenade, which is mostly gravel and made of boardwalk, leads to other beaches down the coastline, and great for those who like quieter places to enjoy the sea and the sun.<\/p>\n<p><img decoding=\"async\" class=\"lazyload wp-image-4329 alignleft\" src=\"https:\/\/sunwell-apartments.com\/wp-content\/uploads\/2024\/01\/b4e85615-66f9-406c-be40-feebc6c39080-scaled.jpeg\" data-orig-src=\"https:\/\/sunwell-apartments.com\/wp-content\/uploads\/2024\/01\/b4e85615-66f9-406c-be40-feebc6c39080-scaled.jpeg\" alt=\"\" width=\"516\" height=\"387\" srcset=\"data:image\/svg+xml,%3Csvg%20xmlns%3D%27http%3A%2F%2Fwww.w3.org%2F2000%2Fsvg%27%20width%3D%27516%27%20height%3D%27387%27%20viewBox%3D%270%200%20516%20387%27%3E%3Crect%20width%3D%27516%27%20height%3D%27387%27%20fill-opacity%3D%220%22%2F%3E%3C%2Fsvg%3E\" data-srcset=\"https:\/\/sunwell-apartments.com\/wp-content\/uploads\/2024\/01\/b4e85615-66f9-406c-be40-feebc6c39080-200x150.jpeg 200w, https:\/\/sunwell-apartments.com\/wp-content\/uploads\/2024\/01\/b4e85615-66f9-406c-be40-feebc6c39080-300x225.jpeg 300w, https:\/\/sunwell-apartments.com\/wp-content\/uploads\/2024\/01\/b4e85615-66f9-406c-be40-feebc6c39080-400x300.jpeg 400w, https:\/\/sunwell-apartments.com\/wp-content\/uploads\/2024\/01\/b4e85615-66f9-406c-be40-feebc6c39080-600x450.jpeg 600w, https:\/\/sunwell-apartments.com\/wp-content\/uploads\/2024\/01\/b4e85615-66f9-406c-be40-feebc6c39080-768x576.jpeg 768w, https:\/\/sunwell-apartments.com\/wp-content\/uploads\/2024\/01\/b4e85615-66f9-406c-be40-feebc6c39080-800x600.jpeg 800w, https:\/\/sunwell-apartments.com\/wp-content\/uploads\/2024\/01\/b4e85615-66f9-406c-be40-feebc6c39080-1024x768.jpeg 1024w, https:\/\/sunwell-apartments.com\/wp-content\/uploads\/2024\/01\/b4e85615-66f9-406c-be40-feebc6c39080-1200x900.jpeg 1200w, https:\/\/sunwell-apartments.com\/wp-content\/uploads\/2024\/01\/b4e85615-66f9-406c-be40-feebc6c39080-1536x1152.jpeg 1536w, https:\/\/sunwell-apartments.com\/wp-content\/uploads\/2024\/01\/b4e85615-66f9-406c-be40-feebc6c39080-scaled.jpeg 2560w\" data-sizes=\"auto\" data-orig-sizes=\"(max-width: 516px) 100vw, 516px\" \/><\/p>\n<p>On the other hand, the promenade is connected to a small place next to Gajac, Skuncini Stani, through which the road leads to Novalja. Unfortunately, it is impossible to get to the town Novalja along the coastline because between Gajac and Novalja there is a closed area of auto-camp Strasko.<\/p>\n<p>The promenade is great for walking, trekking, and cycling.<\/p>\n<h3><strong>Beach Zr\u0107e, Novalja, Pag and Zadar<\/strong><\/h3>\n<p><strong>Sunwell apartments are located two kilometers from the famous Zrce beach and three kilometers from the town of Novalja.<\/strong> There is a free public parking space in front of the apartments. The bus station is located 500 meters from the apartments.<\/p>\n<p>The town Pag is a 20-minute drive from Sunwell apartments, and Zadar is about a 70-minute drive away. For more information, click on our <a href=\"https:\/\/sunwell-apartments.com\/en\/otok-pag-zanimljivosti\/\">GUIDE<\/a> to find out more information.<\/p>\n<p>&nbsp;<\/p>\n","protected":false},"excerpt":{"rendered":"<p>Where are Sunwell apartments located and what their surroundings can offer? Beach bars, restaurants, children&#8217;s and sports playgrounds, well-kept beaches, and a clean sea are only part of what Gajac\/Kolanjski Gajac has to offer. Sunwell apartments are located in the  [&#8230;]<\/p>\n","protected":false},"author":1,"featured_media":0,"parent":0,"menu_order":0,"comment_status":"closed","ping_status":"closed","template":"","meta":{"_bbp_topic_count":0,"_bbp_reply_count":0,"_bbp_total_topic_count":0,"_bbp_total_reply_count":0,"_bbp_voice_count":0,"_bbp_anonymous_reply_count":0,"_bbp_topic_count_hidden":0,"_bbp_reply_count_hidden":0,"_bbp_forum_subforum_count":0,"footnotes":""},"class_list":["post-4316","page","type-page","status-publish","hentry"],"translation":{"provider":"WPGlobus","version":"3.0.2","language":"en","enabled_languages":["hr","en"],"languages":{"hr":{"title":true,"content":true,"excerpt":false},"en":{"title":true,"content":true,"excerpt":false}}},"yoast_head":"<!-- This site is optimized with the Yoast SEO plugin v27.0 - https:\/\/yoast.com\/product\/yoast-seo-wordpress\/ -->\n<title>Location of Sunwell apartments - Novalja, Gajac, Zrce<\/title>\n<meta name=\"description\" content=\"Apartments are located in Kolanjski Gajac, 100 m from local beach and promenade with beach bars, restaurants and many fun activities for children.\" \/>\n<meta name=\"robots\" content=\"index, follow, max-snippet:-1, max-image-preview:large, max-video-preview:-1\" \/>\n<link rel=\"canonical\" href=\"https:\/\/sunwell-apartments.com\/sunwell-apartments-location-gajac-novalja-zrce\/\" \/>\n<meta property=\"og:locale\" content=\"en_US\" \/>\n<meta property=\"og:type\" content=\"article\" \/>\n<meta property=\"og:title\" content=\"Location of Sunwell apartments - Novalja, Gajac, Zrce\" \/>\n<meta property=\"og:description\" content=\"Apartments are located in Kolanjski Gajac, 100 m from local beach and promenade with beach bars, restaurants and many fun activities for children.\" \/>\n<meta property=\"og:url\" content=\"https:\/\/sunwell-apartments.com\/sunwell-apartments-location-gajac-novalja-zrce\/\" \/>\n<meta property=\"og:site_name\" content=\"SUNWELL APARTMANS\" \/>\n<meta property=\"article:modified_time\" content=\"2024-01-05T13:30:40+00:00\" \/>\n<meta property=\"og:image\" content=\"https:\/\/sunwell-apartments.com\/wp-content\/uploads\/2021\/12\/20210510_181242-1.jpg\" \/>\n<meta name=\"twitter:card\" content=\"summary_large_image\" \/>\n<meta name=\"twitter:label1\" content=\"Est. reading time\" \/>\n\t<meta name=\"twitter:data1\" content=\"4 minutes\" \/>\n<script type=\"application\/ld+json\" class=\"yoast-schema-graph\">{\"@context\":\"https:\/\/schema.org\",\"@graph\":[{\"@type\":\"WebPage\",\"@id\":\"https:\/\/sunwell-apartments.com\/sunwell-apartments-location-gajac-novalja-zrce\/\",\"url\":\"https:\/\/sunwell-apartments.com\/sunwell-apartments-location-gajac-novalja-zrce\/\",\"name\":\"Location of Sunwell apartments -\",\"isPartOf\":{\"@id\":\"https:\/\/sunwell-apartments.com\/#website\"},\"primaryImageOfPage\":{\"@id\":\"https:\/\/sunwell-apartments.com\/sunwell-apartments-location-gajac-novalja-zrce\/#primaryimage\"},\"image\":{\"@id\":\"https:\/\/sunwell-apartments.com\/sunwell-apartments-location-gajac-novalja-zrce\/#primaryimage\"},\"thumbnailUrl\":\"https:\/\/sunwell-apartments.com\/wp-content\/uploads\/2021\/12\/20210510_181242-1.jpg\",\"datePublished\":\"2024-01-02T12:36:06+00:00\",\"dateModified\":\"2024-01-05T13:30:40+00:00\",\"description\":\"Apartmani se nalaze u K. Gajcu, 100 metara od pla\u017ee, s beach barom, dje\u010djim igrali\u0161tem i \u0161etnicom uz obalu, koja nudi brojne sadr\u017eaje tijekom ljetne sezone.\",\"breadcrumb\":{\"@id\":\"https:\/\/sunwell-apartments.com\/sunwell-apartments-location-gajac-novalja-zrce\/#breadcrumb\"},\"inLanguage\":\"en-US\",\"potentialAction\":[{\"@type\":\"ReadAction\",\"target\":[\"https:\/\/sunwell-apartments.com\/sunwell-apartments-location-gajac-novalja-zrce\/\"]}]},{\"@type\":\"ImageObject\",\"inLanguage\":\"en-US\",\"@id\":\"https:\/\/sunwell-apartments.com\/sunwell-apartments-location-gajac-novalja-zrce\/#primaryimage\",\"url\":\"https:\/\/sunwell-apartments.com\/wp-content\/uploads\/2021\/12\/20210510_181242-1.jpg\",\"contentUrl\":\"https:\/\/sunwell-apartments.com\/wp-content\/uploads\/2021\/12\/20210510_181242-1.jpg\"},{\"@type\":\"BreadcrumbList\",\"@id\":\"https:\/\/sunwell-apartments.com\/sunwell-apartments-location-gajac-novalja-zrce\/#breadcrumb\",\"itemListElement\":[{\"@type\":\"ListItem\",\"position\":1,\"name\":\"Home\",\"item\":\"https:\/\/sunwell-apartments.com\/\"},{\"@type\":\"ListItem\",\"position\":2,\"name\":\"Location of Sunwell apartments\"}]},{\"@type\":\"WebSite\",\"@id\":\"https:\/\/sunwell-apartments.com\/#website\",\"url\":\"https:\/\/sunwell-apartments.com\/\",\"name\":\"SUNWELL APARTMANS\",\"description\":\"Toplina sunca. Miris soli. Ljepota otoka.\",\"publisher\":{\"@id\":\"https:\/\/sunwell-apartments.com\/#organization\"},\"potentialAction\":[{\"@type\":\"SearchAction\",\"target\":{\"@type\":\"EntryPoint\",\"urlTemplate\":\"https:\/\/sunwell-apartments.com\/?s={search_term_string}\"},\"query-input\":{\"@type\":\"PropertyValueSpecification\",\"valueRequired\":true,\"valueName\":\"search_term_string\"}}],\"inLanguage\":\"en-US\"},{\"@type\":\"Organization\",\"@id\":\"https:\/\/sunwell-apartments.com\/#organization\",\"name\":\"SUNWELL APARTMANS\",\"url\":\"https:\/\/sunwell-apartments.com\/\",\"logo\":{\"@type\":\"ImageObject\",\"inLanguage\":\"en-US\",\"@id\":\"https:\/\/sunwell-apartments.com\/#\/schema\/logo\/image\/\",\"url\":\"https:\/\/sunwell-apartments.com\/wp-content\/uploads\/2021\/10\/cropped-logo-transparent.png\",\"contentUrl\":\"https:\/\/sunwell-apartments.com\/wp-content\/uploads\/2021\/10\/cropped-logo-transparent.png\",\"width\":500,\"height\":500,\"caption\":\"SUNWELL APARTMANS\"},\"image\":{\"@id\":\"https:\/\/sunwell-apartments.com\/#\/schema\/logo\/image\/\"}}]}<\/script>\n<!-- \/ Yoast SEO plugin. -->","yoast_head_json":{"title":"Location of Sunwell apartments - Novalja, Gajac, Zrce","description":"Apartments are located in Kolanjski Gajac, 100 m from local beach and promenade with beach bars, restaurants and many fun activities for children.","robots":{"index":"index","follow":"follow","max-snippet":"max-snippet:-1","max-image-preview":"max-image-preview:large","max-video-preview":"max-video-preview:-1"},"canonical":"https:\/\/sunwell-apartments.com\/sunwell-apartments-location-gajac-novalja-zrce\/","og_locale":"en_US","og_type":"article","og_title":"Location of Sunwell apartments - Novalja, Gajac, Zrce","og_description":"Apartments are located in Kolanjski Gajac, 100 m from local beach and promenade with beach bars, restaurants and many fun activities for children.","og_url":"https:\/\/sunwell-apartments.com\/sunwell-apartments-location-gajac-novalja-zrce\/","og_site_name":"SUNWELL APARTMANS","article_modified_time":"2024-01-05T13:30:40+00:00","og_image":[{"url":"https:\/\/sunwell-apartments.com\/wp-content\/uploads\/2021\/12\/20210510_181242-1.jpg","type":"","width":"","height":""}],"twitter_card":"summary_large_image","twitter_misc":{"Est. reading time":"4 minutes"},"schema":{"@context":"https:\/\/schema.org","@graph":[{"@type":"WebPage","@id":"https:\/\/sunwell-apartments.com\/sunwell-apartments-location-gajac-novalja-zrce\/","url":"https:\/\/sunwell-apartments.com\/sunwell-apartments-location-gajac-novalja-zrce\/","name":"Location of Sunwell apartments -","isPartOf":{"@id":"https:\/\/sunwell-apartments.com\/#website"},"primaryImageOfPage":{"@id":"https:\/\/sunwell-apartments.com\/sunwell-apartments-location-gajac-novalja-zrce\/#primaryimage"},"image":{"@id":"https:\/\/sunwell-apartments.com\/sunwell-apartments-location-gajac-novalja-zrce\/#primaryimage"},"thumbnailUrl":"https:\/\/sunwell-apartments.com\/wp-content\/uploads\/2021\/12\/20210510_181242-1.jpg","datePublished":"2024-01-02T12:36:06+00:00","dateModified":"2024-01-05T13:30:40+00:00","description":"Apartmani se nalaze u K. Gajcu, 100 metara od pla\u017ee, s beach barom, dje\u010djim igrali\u0161tem i \u0161etnicom uz obalu, koja nudi brojne sadr\u017eaje tijekom ljetne sezone.","breadcrumb":{"@id":"https:\/\/sunwell-apartments.com\/sunwell-apartments-location-gajac-novalja-zrce\/#breadcrumb"},"inLanguage":"en-US","potentialAction":[{"@type":"ReadAction","target":["https:\/\/sunwell-apartments.com\/sunwell-apartments-location-gajac-novalja-zrce\/"]}]},{"@type":"ImageObject","inLanguage":"en-US","@id":"https:\/\/sunwell-apartments.com\/sunwell-apartments-location-gajac-novalja-zrce\/#primaryimage","url":"https:\/\/sunwell-apartments.com\/wp-content\/uploads\/2021\/12\/20210510_181242-1.jpg","contentUrl":"https:\/\/sunwell-apartments.com\/wp-content\/uploads\/2021\/12\/20210510_181242-1.jpg"},{"@type":"BreadcrumbList","@id":"https:\/\/sunwell-apartments.com\/sunwell-apartments-location-gajac-novalja-zrce\/#breadcrumb","itemListElement":[{"@type":"ListItem","position":1,"name":"Home","item":"https:\/\/sunwell-apartments.com\/"},{"@type":"ListItem","position":2,"name":"Location of Sunwell apartments"}]},{"@type":"WebSite","@id":"https:\/\/sunwell-apartments.com\/#website","url":"https:\/\/sunwell-apartments.com\/","name":"SUNWELL APARTMANS","description":"Toplina sunca. Miris soli. Ljepota otoka.","publisher":{"@id":"https:\/\/sunwell-apartments.com\/#organization"},"potentialAction":[{"@type":"SearchAction","target":{"@type":"EntryPoint","urlTemplate":"https:\/\/sunwell-apartments.com\/?s={search_term_string}"},"query-input":{"@type":"PropertyValueSpecification","valueRequired":true,"valueName":"search_term_string"}}],"inLanguage":"en-US"},{"@type":"Organization","@id":"https:\/\/sunwell-apartments.com\/#organization","name":"SUNWELL APARTMANS","url":"https:\/\/sunwell-apartments.com\/","logo":{"@type":"ImageObject","inLanguage":"en-US","@id":"https:\/\/sunwell-apartments.com\/#\/schema\/logo\/image\/","url":"https:\/\/sunwell-apartments.com\/wp-content\/uploads\/2021\/10\/cropped-logo-transparent.png","contentUrl":"https:\/\/sunwell-apartments.com\/wp-content\/uploads\/2021\/10\/cropped-logo-transparent.png","width":500,"height":500,"caption":"SUNWELL APARTMANS"},"image":{"@id":"https:\/\/sunwell-apartments.com\/#\/schema\/logo\/image\/"}}]}},"_links":{"self":[{"href":"https:\/\/sunwell-apartments.com\/en\/wp-json\/wp\/v2\/pages\/4316","targetHints":{"allow":["GET"]}}],"collection":[{"href":"https:\/\/sunwell-apartments.com\/en\/wp-json\/wp\/v2\/pages"}],"about":[{"href":"https:\/\/sunwell-apartments.com\/en\/wp-json\/wp\/v2\/types\/page"}],"author":[{"embeddable":true,"href":"https:\/\/sunwell-apartments.com\/en\/wp-json\/wp\/v2\/users\/1"}],"replies":[{"embeddable":true,"href":"https:\/\/sunwell-apartments.com\/en\/wp-json\/wp\/v2\/comments?post=4316"}],"version-history":[{"count":17,"href":"https:\/\/sunwell-apartments.com\/en\/wp-json\/wp\/v2\/pages\/4316\/revisions"}],"predecessor-version":[{"id":4373,"href":"https:\/\/sunwell-apartments.com\/en\/wp-json\/wp\/v2\/pages\/4316\/revisions\/4373"}],"wp:attachment":[{"href":"https:\/\/sunwell-apartments.com\/en\/wp-json\/wp\/v2\/media?parent=4316"}],"curies":[{"name":"wp","href":"https:\/\/api.w.org\/{rel}","templated":true}]}}