{"id":3266,"date":"2022-11-17T10:30:30","date_gmt":"2022-11-17T09:30:30","guid":{"rendered":"https:\/\/sunwell-apartments.com\/?page_id=3266"},"modified":"2022-11-17T10:42:29","modified_gmt":"2022-11-17T09:42:29","slug":"zastita-privatnosti","status":"publish","type":"page","link":"https:\/\/sunwell-apartments.com\/en\/zastita-privatnosti\/","title":{"rendered":"Za\u0161tita privatnosti"},"content":{"rendered":"<h1><strong>ZA\u0160TITA PRIVATNOSTI<\/strong><\/h1>\n<p>Sunwell apartments u vlasni\u0161tvu su tvrtke Velmart d.o.o., Cehovska ulica 11, 42000 Vara\u017edin, (u daljnjem tekstu: Velmart d.o.o.), zadr\u017eava sva autorska prava na kori\u0161tenje fotografijama, tekstom i ostalim objavljenim materijalom, u smislu pozitivnih zakonskih propisa u Republici Hrvatskoj.<\/p>\n<p>Fotografije, tekstovi i ostali materijal ne smiju se objavljivati, prodavati, javno ili privatno publicirati niti na bilo koji drugi na\u010din upotrebljavati bez suglasnosti tvrtke Velmart d.o.o.. Svako nepridr\u017eavanje uvjeta iz prethodnih stavaka ovog \u010dlanka povla\u010di za sobom odgovornost i obvezu naknade nematerijalne \u0161tete tvrtki Velmart d.o.o. po povredi za pojedini materijal.<\/p>\n<p><strong>UVODNE ODREDBE<\/strong><\/p>\n<p>Velmart d.o.o. po\u0161tuje Va\u0161u privatnost i sigurnost Va\u0161ih osobnih podataka. Prikupljanje, kori\u0161tenje i obrada Va\u0161ih osobnih podataka provodi se u skladu s ovom Politikom privatnosti te odredbama Zakona o za\u0161titi osobnih podataka odnosno drugih va\u017ee\u0107ih propisa primjenjivih u Republici Hrvatskoj, koji ure\u0111uju za\u0161titu osobnih podataka. Jam\u010dimo korisnicima na\u0161ih usluga da \u0107emo sve osobne podatke tretirati kao povjerljivu informaciju i poslovnu tajnu.<\/p>\n<p>Ovom Politikom privatnosti ure\u0111uje se na\u010din postupanja s osobnim podacima kojima tvrtka Velmart d.o.o. pristupi putem rezervacijskog sustava ili kontakt formulara odnosno putem pojedinih usluga tvrtke Velmart d.o.o., danih na kori\u0161tenje gostima, a posredstvom kojih je tvrtki Velmart d.o.o. omogu\u0107en pristup osobnim podacima.<\/p>\n<p>Odgovorna osoba tvrtke Velmart d.o.o.: Hrvoje Martin\u010di\u0107<\/p>\n<p>Voditelj obrade osobnih podataka: Martina Vargovi\u0107 Martin\u010di\u0107<\/p>\n<p><strong>PODACI POKRIVENI SUSTAVOM POLITIKE PRIVATNOSTI<\/strong><\/p>\n<p>Podatke koje od Vas prvenstveno tra\u017eimo i koji su za\u0161ti\u0107eni<\/p>\n<ul>\n<li>ime i prezime<\/li>\n<li>adresa e-po\u0161te<\/li>\n<li>broj telefona i\/ili telefaksa<\/li>\n<li>ostali podaci koje navedete, a napomenete da \u017eelite da ostanu tajni.<\/li>\n<\/ul>\n<p>U svako se doba mo\u017eete odjaviti s na\u0161e mailing liste izri\u010ditom izjavom, nakon \u010dega se Velmart d.o.o. ne\u0107e koristiti va\u0161im podacima u svrhu promocije. U tom ih slu\u010daju Velmart d.o.o. mo\u017ee upotrebljavati samo u svoje interne svrhe, npr. radi informati\u010dke statisti\u010dke obrade podataka.<\/p>\n<p><strong>SVRHA DOBIVENIH PODATAKA<\/strong><\/p>\n<p>Svi podaci koje tvrtka Velmart d.o.o. od vas dobije slu\u017ee isklju\u010divo za:<\/p>\n<ul>\n<li>\u0161to u\u010dinkovitijeg odgovora na Va\u0161 upit<\/li>\n<li>osiguranja pru\u017eanja tra\u017eene usluge<\/li>\n<li>promociju na\u0161ih usluga (newsletter) uz dodatnu suglasnost<\/li>\n<li>na\u0161e interne statisti\u010dke obrade podataka<\/li>\n<li>mogu\u0107nosti slanja publikacija, bro\u0161ura i drugih promid\u017ebenih materijala uz dodatnu suglasnost<\/li>\n<\/ul>\n<p>Velmart d.o.o. jam\u010di da \u0107e se prikupljenim podacima koristiti samo u navedene svrhe. Ustupanjem svojih osobnih podataka kroz sve oblike komunikacije dajete svoju izri\u010ditu suglasnost da vam se tvrtka Velmart d.o.o. mo\u017ee obratiti u navedene svrhe. U slu\u010daju da ne \u017eelite da tvrtka Velmart d.o.o. kontaktira s vama, du\u017eni ste o tome izri\u010dito pisanim putem izvijestiti tvrtku Velmart d.o.o.. U svakom primljenom newsletteru imate mogu\u0107nost odjave s mailing liste.<\/p>\n<p><strong>SADR\u017dAJ POLITIKE PRIVATNOSTI<\/strong><\/p>\n<p>Va\u0161u adresu e-po\u0161te i ostale podatke ne prodajemo, ne iznajmljujemo niti stavljamo tre\u0107im pravnim i fizi\u010dkim osobama izvan tvrtke Velmart d.o.o. na raspolaganje bez va\u0161eg pristanka, jer je to protivno na\u0161oj politici o privatnosti. Tvrtka Velmart d.o.o. se dr\u017ei stroge politike \u201cno spam\u201d. Tvrtka Velmart d.o.o. ne odgovara za slu\u010dajnu pogre\u0161ku ili pogre\u0161ku zbog vi\u0161e sile, ili drugih objektivnih okolnosti kojima se uzrokuje slu\u010dajno kr\u0161enje zajam\u010dene za\u0161tite va\u0161ih podataka, ali jam\u010di da \u0107e pogre\u0161ka biti otklonjena, ako je to mogu\u0107e, \u010dim prije.<\/p>\n<p><strong>VRIJEME TRAJANJA POLITIKE PRIVATNOSTI<\/strong><\/p>\n<p>U trenutku kada dostavite svoje podatke pristajete na to da s vama kontaktiramo vezano uz tra\u017eeni upit. Trenutak ulaska predstavlja va\u0161 izri\u010dit pristanak na kontakt. Za\u0161tita je privatnosti va\u0161ih podataka trajna, a u svakom trenutku mo\u017eete tra\u017eiti brisanje va\u0161ih podataka u na\u0161oj bazi i\/ili isklju\u010denje s na\u0161e mailing liste ukoliko ste prijavljeni na istu. Nakon toga se tvrtka Velmart d.o.o. vi\u0161e ne\u0107e koristiti va\u0161im podacima osim za interne svrhe, npr. radi informati\u010dke ili statisti\u010dke obrade podataka.<\/p>\n<p><strong>STATISTIKA POSLU\u017dITELJA<\/strong><\/p>\n<p>Na\u0161 poslu\u017eitelj globalne mre\u017ee koristi statisti\u010dki softver. Ti su programi standardno obilje\u017eje svih web poslu\u017eitelja i nisu karakteristi\u010dni samo za na\u0161e stranice. Takvi statisti\u010dki programi omogu\u0107uju nam da na\u0161e stranice prilagodimo tako da budu \u0161to efikasnije i jednostavnije za na\u0161e posjetitelje (utvr\u0111ivanje podataka koji najvi\u0161e ili najmanje zanimaju na\u0161e korisnike, prilago\u0111avanje stranica za pojedine web preglednike, u\u010dinkovitost strukture na\u0161e lokacije te posje\u0107enost na\u0161ih stranica.) Zapisi o posje\u0107enosti na\u0161ih stranica ne sadr\u017ee osobne podatke na\u0161ih korisnika niti upu\u0107uju na osobe koje posje\u0107uju na\u0161e stranice.<\/p>\n<p><strong>KOLA\u010cI\u0106I I INTERNETSKE TEHNOLOGIJE<\/strong><\/p>\n<p>Kao \u0161to je slu\u010daj i s mnogim drugim portalima, i na\u0161 se mo\u017ee koristiti \u201ekola\u010di\u0107ima\u201c i drugim tehnologijama koje nam olak\u0161avaju isporu\u010divanje sadr\u017eaja ovisno o va\u0161im podru\u010djima interesa, obra\u0111ivanje rezervacija ili zahtjeva, i\/ili analiziranje karakteristika va\u0161ih posjeta. Kola\u010di\u0107i se sami po sebi ne mogu upotrebljavati za otkrivanje va\u0161eg osobnog identiteta. Kad pristupate na\u0161im web-stranicama, ova informacija na\u0161im poslu\u017eiteljima identificira svojstva va\u0161eg pretra\u017eiva\u010da, ali ne i vas. \u017delite li u bilo kojem trenutku izbrisati ili onemogu\u0107iti kola\u010di\u0107e na svojem ra\u010dunalu, mo\u017eete a\u017eurirati postavke svojeg internetskog pretra\u017eiva\u010da. Informacije mo\u017eemo tako\u0111er prikupljati primjenom \u201epikselskih oznaka\u201c, \u201emre\u017enih signala\u201c, \u201epraznih GIF-ova\u201c ili sli\u010dnih sredstava (zajedni\u010dki nazvanih \u201epikselske oznake\u201c) koja nam omogu\u0107uju saznati kad posje\u0107ujete na\u0161 portal i kako se koristite na\u0161im porukama e-po\u0161te ili oglasima.<\/p>\n<p><strong>SIGURNOST PODATAKA<\/strong><\/p>\n<p>Radi sigurnosti podataka na ovoj adresi, te kako bismo osigurali da ova usluga bude pristupa\u010dna svim korisnicima, ovaj ra\u010dunalni sustav koristi softver koji prati posjete na mre\u017ei te prepoznaju neovla\u0161tene poku\u0161aje otpreme ili izmjene podataka, kao i one koji bi mogli prouzro\u010diti \u0161tetu na neki drugi na\u010din. Neovla\u0161teni poku\u0161aji otpreme ili izmjene podataka na ovoj lokaciji strogo su zabranjeni.<\/p>\n<p>Na\u0161e web stranice koriste siguran HTTPS protokol koriste\u0107i SSL certifikat. Na\u0161i serveri i web stranice se kontinuirano provjeravaju antivirusnim sustavima.<\/p>\n<p><strong>ZA\u0160TITA OSOBNIH PODATAKA DJECE<\/strong><\/p>\n<p>Velmart d.o.o. savjetuje roditeljima i skrbnicima da podu\u010de djecu o sigurnom i odgovornom postupanju s osobnim podacima na internetu. Velmart d.o.o. NE \u017eeli i nema namjeru prikupljati osobne podatke osoba mla\u0111ih od 14 godina, ne\u0107e ih ni na koji na\u010din rabiti niti \u0107e ih odati tre\u0107ima, osim u slu\u010daju promid\u017ebenih igara na internetu. Takvi podaci za kontaktiranje preko interneta upotrebljavaju se bez dopu\u0161tenja roditelja samo za neposredno odgovaranje na djetetov zahtjev i ne\u0107e se upotrebljavati ni za kakve druge namjene. NE prikupljamo osobne podatke za kontaktiranje izvan interneta, osim radi dodjele nagrada, a i tada samo uz dopu\u0161tenje roditelja. NE dostavljamo tre\u0107im osobama nikakve osobne podatke bez prethodne dozvole roditelja. Ne omogu\u0107ujemo djeci da bez dozvole roditelja javno objavljuju ili na drugi na\u010din distribuiraju osobne podatke ili druge materijale koje nam \u0161alju pomo\u0107u kojih ih se mo\u017ee stupiti s njima u kontakt, niti poti\u010demo djecu da radi sudjelovanja u nagradnoj igri ili nekoj drugoj aktivnosti otkriju vi\u0161e podataka no \u0161to je potrebno za sudjelovanje u doti\u010dnoj aktivnosti. U slu\u010dajevima kada je djeci mla\u0111oj od 14 godina dopu\u0161teno sudjelovati u nagradnim igrama zahtijevamo od djeteta da prvo zatra\u017ei dozvolu za sudjelovanje od svojih roditelja ili zakonskih zastupnika te da upi\u0161e adresu e-po\u0161te svojih roditelja ili zastupnika. Ako dijete mla\u0111e od 14 godina osvoji neku nagradu, o tome se elektronskom po\u0161tom, telefonom ili pismenim putem obavje\u0161tavaju roditelji ili staratelji. Osobni podaci djeteta i roditelja bri\u0161u se iz na\u0161e baze podataka ako roditelji to od nas zatra\u017ee. Kao roditelj ili staratelj uvijek imate pravo zatra\u017eiti uvid u sve osobne podatke o svojem djetetu koje smo dobili na nekoj od na\u0161ih stranica, mo\u017eete zahtijevati brisanje podataka (ako se ti podaci jo\u0161 uvijek nalaze u na\u0161oj bazi podataka) i\/ili zabraniti nam budu\u0107e sakupljanje i upotrebu podataka o va\u0161em djetetu. Ako ste roditelj i \u017eelite ostvariti to pravo, javite nam se. Osim navedenog, Velmart d.o.o. jam\u010di za\u0161titu osobnih podataka djece predvi\u0111enu posebnim zakonima koji ure\u0111uju to pitanje.<\/p>\n<p><strong>VA\u0160A SUGLASNOST<\/strong><\/p>\n<p>Popunjavaju\u0107i formulare na ovoj stranici jam\u010dite da su informacije koje ste prilo\u017eili to\u010dne, da ste poslovno sposobni i ovla\u0161teni raspolagati danim informacijama te da ste u cijelosti suglasni da Velmart d.o.o. va\u0161e podatke upotrebljava i prikuplja u skladu sa zakonom i uvjetima na\u0161e politike za\u0161tite privatnosti.<\/p>\n<p><strong>PROMJENA PODATAKA<\/strong><\/p>\n<p>U svakom nam se trenutku mo\u017eete obratiti radi pregleda svojih osobnih podataka, kao i radi a\u017euriranja, ispravka ili brisanja podataka. Do toga se trenutka u navedene svrhe koristimo va\u0161im starim podacima.<\/p>\n<p><strong>TRANSPARENTNOST<\/strong><\/p>\n<p>Ako odlu\u010dimo mijenjati svoju politiku privatnosti, promjene \u0107emo postaviti na ovu stranicu tako da mo\u017eete neprestano imati uvid u njih. Te promjene \u0107e vrijediti i u na\u0161em me\u0111usobnom odnosu kao da su postojale prije va\u0161eg ulaska na mailing listu, ako su u skladu s pozitivnim hrvatskim propisima i ako vas ne zakidaju u nekim ste\u010denim pravima.<\/p>\n<p><strong>PROMJENE I PRESTANAK UVJETA KORI\u0160TENJA<\/strong><\/p>\n<p>Velmart d.o.o. pridr\u017eava pravo izmjene ili prekida svih ili bilo kojeg dijela ove web lokacije te uvjeta kori\u0161tenja u bilo kojem trenutku. Promjene stupaju na snagu objavljivanjem na ovoj adresi ili kada su korisnici o njima obavije\u0161teni. Uvjeti kori\u0161tenja primjenjuju se do raskida istih od Va\u0161e strane ili od strane tvrtke Velmart d.o.o.. Va\u0161 raskid, mogu\u0107 u bilo kojem trenutku, zna\u010di prestanak kori\u0161tenja ovih stranica i poni\u0161tenje svih materijala i sadr\u017eaja preuzetih i kori\u0161tenih s iste web lokacije.<\/p>\n<p>Velmart d.o.o.<\/p>\n","protected":false},"excerpt":{"rendered":"<p>ZA\u0160TITA PRIVATNOSTI Sunwell apartments u vlasni\u0161tvu su tvrtke Velmart d.o.o., Cehovska ulica 11, 42000 Vara\u017edin, (u daljnjem tekstu: Velmart d.o.o.), zadr\u017eava sva autorska prava na kori\u0161tenje fotografijama, tekstom i ostalim objavljenim materijalom, u smislu pozitivnih zakonskih propisa u Republici Hrvatskoj.  [&#8230;]<\/p>\n","protected":false},"author":3,"featured_media":0,"parent":0,"menu_order":0,"comment_status":"closed","ping_status":"closed","template":"","meta":{"_bbp_topic_count":0,"_bbp_reply_count":0,"_bbp_total_topic_count":0,"_bbp_total_reply_count":0,"_bbp_voice_count":0,"_bbp_anonymous_reply_count":0,"_bbp_topic_count_hidden":0,"_bbp_reply_count_hidden":0,"_bbp_forum_subforum_count":0,"footnotes":""},"class_list":["post-3266","page","type-page","status-publish","hentry"],"translation":{"provider":"WPGlobus","version":"3.0.2","language":"en","enabled_languages":["hr","en"],"languages":{"hr":{"title":true,"content":true,"excerpt":false},"en":{"title":false,"content":false,"excerpt":false}}},"yoast_head":"<!-- This site is optimized with the Yoast SEO plugin v27.0 - https:\/\/yoast.com\/product\/yoast-seo-wordpress\/ -->\n<title>Za\u0161tita privatnosti - SUNWELL APARTMANS<\/title>\n<meta name=\"robots\" content=\"index, follow, max-snippet:-1, max-image-preview:large, max-video-preview:-1\" \/>\n<link rel=\"canonical\" href=\"https:\/\/sunwell-apartments.com\/zastita-privatnosti\/\" \/>\n<meta property=\"og:locale\" content=\"en_US\" \/>\n<meta property=\"og:type\" content=\"article\" \/>\n<meta property=\"og:title\" content=\"Za\u0161tita privatnosti - SUNWELL APARTMANS\" \/>\n<meta property=\"og:url\" content=\"https:\/\/sunwell-apartments.com\/zastita-privatnosti\/\" \/>\n<meta property=\"og:site_name\" content=\"SUNWELL APARTMANS\" \/>\n<meta property=\"article:modified_time\" content=\"2022-11-17T09:42:29+00:00\" \/>\n<meta name=\"twitter:card\" content=\"summary_large_image\" \/>\n<script type=\"application\/ld+json\" class=\"yoast-schema-graph\">{\"@context\":\"https:\/\/schema.org\",\"@graph\":[{\"@type\":\"WebPage\",\"@id\":\"https:\/\/sunwell-apartments.com\/zastita-privatnosti\/\",\"url\":\"https:\/\/sunwell-apartments.com\/zastita-privatnosti\/\",\"name\":\"Za\u0161tita privatnosti - SUNWELL APARTMANS\",\"isPartOf\":{\"@id\":\"https:\/\/sunwell-apartments.com\/#website\"},\"datePublished\":\"2022-11-17T09:30:30+00:00\",\"dateModified\":\"2022-11-17T09:42:29+00:00\",\"breadcrumb\":{\"@id\":\"https:\/\/sunwell-apartments.com\/zastita-privatnosti\/#breadcrumb\"},\"inLanguage\":\"en-US\",\"potentialAction\":[{\"@type\":\"ReadAction\",\"target\":[\"https:\/\/sunwell-apartments.com\/zastita-privatnosti\/\"]}]},{\"@type\":\"BreadcrumbList\",\"@id\":\"https:\/\/sunwell-apartments.com\/zastita-privatnosti\/#breadcrumb\",\"itemListElement\":[{\"@type\":\"ListItem\",\"position\":1,\"name\":\"Home\",\"item\":\"https:\/\/sunwell-apartments.com\/\"},{\"@type\":\"ListItem\",\"position\":2,\"name\":\"Za\u0161tita privatnosti\"}]},{\"@type\":\"WebSite\",\"@id\":\"https:\/\/sunwell-apartments.com\/#website\",\"url\":\"https:\/\/sunwell-apartments.com\/\",\"name\":\"SUNWELL APARTMANS\",\"description\":\"Toplina sunca. Miris soli. Ljepota otoka.\",\"publisher\":{\"@id\":\"https:\/\/sunwell-apartments.com\/#organization\"},\"potentialAction\":[{\"@type\":\"SearchAction\",\"target\":{\"@type\":\"EntryPoint\",\"urlTemplate\":\"https:\/\/sunwell-apartments.com\/?s={search_term_string}\"},\"query-input\":{\"@type\":\"PropertyValueSpecification\",\"valueRequired\":true,\"valueName\":\"search_term_string\"}}],\"inLanguage\":\"en-US\"},{\"@type\":\"Organization\",\"@id\":\"https:\/\/sunwell-apartments.com\/#organization\",\"name\":\"SUNWELL APARTMANS\",\"url\":\"https:\/\/sunwell-apartments.com\/\",\"logo\":{\"@type\":\"ImageObject\",\"inLanguage\":\"en-US\",\"@id\":\"https:\/\/sunwell-apartments.com\/#\/schema\/logo\/image\/\",\"url\":\"https:\/\/sunwell-apartments.com\/wp-content\/uploads\/2021\/10\/cropped-logo-transparent.png\",\"contentUrl\":\"https:\/\/sunwell-apartments.com\/wp-content\/uploads\/2021\/10\/cropped-logo-transparent.png\",\"width\":500,\"height\":500,\"caption\":\"SUNWELL APARTMANS\"},\"image\":{\"@id\":\"https:\/\/sunwell-apartments.com\/#\/schema\/logo\/image\/\"}}]}<\/script>\n<!-- \/ Yoast SEO plugin. -->","yoast_head_json":{"title":"Za\u0161tita privatnosti - SUNWELL APARTMANS","robots":{"index":"index","follow":"follow","max-snippet":"max-snippet:-1","max-image-preview":"max-image-preview:large","max-video-preview":"max-video-preview:-1"},"canonical":"https:\/\/sunwell-apartments.com\/zastita-privatnosti\/","og_locale":"en_US","og_type":"article","og_title":"Za\u0161tita privatnosti - SUNWELL APARTMANS","og_url":"https:\/\/sunwell-apartments.com\/zastita-privatnosti\/","og_site_name":"SUNWELL APARTMANS","article_modified_time":"2022-11-17T09:42:29+00:00","twitter_card":"summary_large_image","schema":{"@context":"https:\/\/schema.org","@graph":[{"@type":"WebPage","@id":"https:\/\/sunwell-apartments.com\/zastita-privatnosti\/","url":"https:\/\/sunwell-apartments.com\/zastita-privatnosti\/","name":"Za\u0161tita privatnosti - SUNWELL APARTMANS","isPartOf":{"@id":"https:\/\/sunwell-apartments.com\/#website"},"datePublished":"2022-11-17T09:30:30+00:00","dateModified":"2022-11-17T09:42:29+00:00","breadcrumb":{"@id":"https:\/\/sunwell-apartments.com\/zastita-privatnosti\/#breadcrumb"},"inLanguage":"en-US","potentialAction":[{"@type":"ReadAction","target":["https:\/\/sunwell-apartments.com\/zastita-privatnosti\/"]}]},{"@type":"BreadcrumbList","@id":"https:\/\/sunwell-apartments.com\/zastita-privatnosti\/#breadcrumb","itemListElement":[{"@type":"ListItem","position":1,"name":"Home","item":"https:\/\/sunwell-apartments.com\/"},{"@type":"ListItem","position":2,"name":"Za\u0161tita privatnosti"}]},{"@type":"WebSite","@id":"https:\/\/sunwell-apartments.com\/#website","url":"https:\/\/sunwell-apartments.com\/","name":"SUNWELL APARTMANS","description":"Toplina sunca. Miris soli. Ljepota otoka.","publisher":{"@id":"https:\/\/sunwell-apartments.com\/#organization"},"potentialAction":[{"@type":"SearchAction","target":{"@type":"EntryPoint","urlTemplate":"https:\/\/sunwell-apartments.com\/?s={search_term_string}"},"query-input":{"@type":"PropertyValueSpecification","valueRequired":true,"valueName":"search_term_string"}}],"inLanguage":"en-US"},{"@type":"Organization","@id":"https:\/\/sunwell-apartments.com\/#organization","name":"SUNWELL APARTMANS","url":"https:\/\/sunwell-apartments.com\/","logo":{"@type":"ImageObject","inLanguage":"en-US","@id":"https:\/\/sunwell-apartments.com\/#\/schema\/logo\/image\/","url":"https:\/\/sunwell-apartments.com\/wp-content\/uploads\/2021\/10\/cropped-logo-transparent.png","contentUrl":"https:\/\/sunwell-apartments.com\/wp-content\/uploads\/2021\/10\/cropped-logo-transparent.png","width":500,"height":500,"caption":"SUNWELL APARTMANS"},"image":{"@id":"https:\/\/sunwell-apartments.com\/#\/schema\/logo\/image\/"}}]}},"_links":{"self":[{"href":"https:\/\/sunwell-apartments.com\/en\/wp-json\/wp\/v2\/pages\/3266","targetHints":{"allow":["GET"]}}],"collection":[{"href":"https:\/\/sunwell-apartments.com\/en\/wp-json\/wp\/v2\/pages"}],"about":[{"href":"https:\/\/sunwell-apartments.com\/en\/wp-json\/wp\/v2\/types\/page"}],"author":[{"embeddable":true,"href":"https:\/\/sunwell-apartments.com\/en\/wp-json\/wp\/v2\/users\/3"}],"replies":[{"embeddable":true,"href":"https:\/\/sunwell-apartments.com\/en\/wp-json\/wp\/v2\/comments?post=3266"}],"version-history":[{"count":5,"href":"https:\/\/sunwell-apartments.com\/en\/wp-json\/wp\/v2\/pages\/3266\/revisions"}],"predecessor-version":[{"id":3271,"href":"https:\/\/sunwell-apartments.com\/en\/wp-json\/wp\/v2\/pages\/3266\/revisions\/3271"}],"wp:attachment":[{"href":"https:\/\/sunwell-apartments.com\/en\/wp-json\/wp\/v2\/media?parent=3266"}],"curies":[{"name":"wp","href":"https:\/\/api.w.org\/{rel}","templated":true}]}}